{"id":98,"date":"2015-11-03T11:41:10","date_gmt":"2015-11-03T11:41:10","guid":{"rendered":"http:\/\/www.haus-pooth.de\/?page_id=98"},"modified":"2015-11-03T11:41:10","modified_gmt":"2015-11-03T11:41:10","slug":"links","status":"publish","type":"page","link":"https:\/\/www.haus-pooth.de\/wordpress\/links\/","title":{"rendered":"Links"},"content":{"rendered":"<p><img loading=\"lazy\" decoding=\"async\" class=\"alignright size-full wp-image-9\" src=\"https:\/\/www.haus-pooth.de\/wordpress\/wp-content\/uploads\/2015\/09\/haus-pooth1.jpg\" alt=\"haus-pooth\" width=\"182\" height=\"203\" \/>Hier finden Sie ein paar interessante Links aus der Umgebung:<\/p>\n<p><a href=\"http:\/\/www.bislich.de\/\" target=\"_blank\">Bislich &#8211; Das Dorf am Deich<\/a><br \/>\nAuf bislich.de finden Sie Informationen \u00fcber das idyllischen Dorf am Niederrhein und aktuelle Hinweise zu Veranstaltungen.<\/p>\n<p>Das Haus Pooth ist Vereinslokal f\u00fcr die<br \/>\n<a href=\"http:\/\/www.schuetzenverein-bislich.de\/\" target=\"_blank\">Sch\u00fctzengemeinschaft Bislich e.V.<\/a>, dem <a href=\"http:\/\/www.blasorchester-bislich.de\/\" target=\"_blank\">Blasorchester Bislich e.V.<\/a>, dem <a href=\"http:\/\/www.tambourkorps-bislich.de\/\" target=\"_blank\">Tambourkorps Bislich e.V.<\/a>.<\/p>\n<p>Falls Sie Ihren Urlaub oder eine Fahrradtour am erholsamen Niederrhein planen, sind die Internetseiten vom <a href=\"http:\/\/www.niederrhein-tourismus.de\/\" target=\"_blank\">Niederrhein Tourismus<\/a> hilfreich.<br \/>\nDie <a href=\"http:\/\/www.roemerroute.de\/\" target=\"_blank\">R\u00f6merroute<\/a> ist dabei eine beliebte Strecke.<\/p>\n","protected":false},"excerpt":{"rendered":"<p>Hier finden Sie ein paar interessante Links aus der Umgebung: Bislich &#8211; Das Dorf am Deich Auf bislich.de finden Sie Informationen \u00fcber das idyllischen Dorf am Niederrhein und aktuelle Hinweise zu Veranstaltungen. Das Haus Pooth ist Vereinslokal f\u00fcr die Sch\u00fctzengemeinschaft Bislich e.V., dem Blasorchester Bislich e.V., dem Tambourkorps Bislich e.V.. Falls Sie Ihren Urlaub oder &#8230; <a class=\"read-more\" href=\"https:\/\/www.haus-pooth.de\/wordpress\/links\/\">Weiterlesen &#8230;<\/a><\/p>\n","protected":false},"author":2,"featured_media":0,"parent":0,"menu_order":0,"comment_status":"closed","ping_status":"closed","template":"","meta":{"footnotes":""},"class_list":["post-98","page","type-page","status-publish"],"_links":{"self":[{"href":"https:\/\/www.haus-pooth.de\/wordpress\/wp-json\/wp\/v2\/pages\/98","targetHints":{"allow":["GET"]}}],"collection":[{"href":"https:\/\/www.haus-pooth.de\/wordpress\/wp-json\/wp\/v2\/pages"}],"about":[{"href":"https:\/\/www.haus-pooth.de\/wordpress\/wp-json\/wp\/v2\/types\/page"}],"author":[{"embeddable":true,"href":"https:\/\/www.haus-pooth.de\/wordpress\/wp-json\/wp\/v2\/users\/2"}],"replies":[{"embeddable":true,"href":"https:\/\/www.haus-pooth.de\/wordpress\/wp-json\/wp\/v2\/comments?post=98"}],"version-history":[{"count":0,"href":"https:\/\/www.haus-pooth.de\/wordpress\/wp-json\/wp\/v2\/pages\/98\/revisions"}],"wp:attachment":[{"href":"https:\/\/www.haus-pooth.de\/wordpress\/wp-json\/wp\/v2\/media?parent=98"}],"curies":[{"name":"wp","href":"https:\/\/api.w.org\/{rel}","templated":true}]}}