{"id":96,"date":"2015-11-03T11:39:16","date_gmt":"2015-11-03T11:39:16","guid":{"rendered":"http:\/\/www.haus-pooth.de\/?page_id=96"},"modified":"2015-11-03T11:39:16","modified_gmt":"2015-11-03T11:39:16","slug":"tagungen","status":"publish","type":"page","link":"https:\/\/www.haus-pooth.de\/wordpress\/tagungen\/","title":{"rendered":"Tagungen"},"content":{"rendered":"<p>Unser gro\u00dfer Saal und die Gesellschaftsr\u00e4ume eignen sich hervorragend f\u00fcr Versammlungen und Tagungen bis zu 200 Personen aller Art.<\/p>\n<p>Unsere Musikanlage mit Lautsprecherboxen tr\u00e4gt dazu bei, dass eine optimale Akkustik gegeben ist.<\/p>\n","protected":false},"excerpt":{"rendered":"<p>Unser gro\u00dfer Saal und die Gesellschaftsr\u00e4ume eignen sich hervorragend f\u00fcr Versammlungen und Tagungen bis zu 200 Personen aller Art. Unsere Musikanlage mit Lautsprecherboxen tr\u00e4gt dazu bei, dass eine optimale Akkustik gegeben ist.<\/p>\n","protected":false},"author":2,"featured_media":0,"parent":0,"menu_order":0,"comment_status":"closed","ping_status":"closed","template":"","meta":{"footnotes":""},"class_list":["post-96","page","type-page","status-publish"],"_links":{"self":[{"href":"https:\/\/www.haus-pooth.de\/wordpress\/wp-json\/wp\/v2\/pages\/96","targetHints":{"allow":["GET"]}}],"collection":[{"href":"https:\/\/www.haus-pooth.de\/wordpress\/wp-json\/wp\/v2\/pages"}],"about":[{"href":"https:\/\/www.haus-pooth.de\/wordpress\/wp-json\/wp\/v2\/types\/page"}],"author":[{"embeddable":true,"href":"https:\/\/www.haus-pooth.de\/wordpress\/wp-json\/wp\/v2\/users\/2"}],"replies":[{"embeddable":true,"href":"https:\/\/www.haus-pooth.de\/wordpress\/wp-json\/wp\/v2\/comments?post=96"}],"version-history":[{"count":0,"href":"https:\/\/www.haus-pooth.de\/wordpress\/wp-json\/wp\/v2\/pages\/96\/revisions"}],"wp:attachment":[{"href":"https:\/\/www.haus-pooth.de\/wordpress\/wp-json\/wp\/v2\/media?parent=96"}],"curies":[{"name":"wp","href":"https:\/\/api.w.org\/{rel}","templated":true}]}}