{"id":81,"date":"2015-11-03T11:33:49","date_gmt":"2015-11-03T11:33:49","guid":{"rendered":"http:\/\/www.haus-pooth.de\/?page_id=81"},"modified":"2015-11-03T11:33:49","modified_gmt":"2015-11-03T11:33:49","slug":"fruehstuecken","status":"publish","type":"page","link":"https:\/\/www.haus-pooth.de\/wordpress\/fruehstuecken\/","title":{"rendered":"Fr\u00fchst\u00fccken"},"content":{"rendered":"<p>Wir bieten Ihnen ein reichhaltiges Fr\u00fchst\u00fccksbuffet mit Brot&amp;Br\u00f6tchen aus unserer hauseigenen <a href=\"http:\/\/www.haus-pooth.de\/?p=49\" target=\"_blank\">B\u00e4ckerei<\/a>.<br \/>\nDazu reichen wir Aufschnitt, K\u00e4se, Obst, Jogurth, Kaffee, R\u00fchrei in ausreichender Menge.<\/p>\n<p><img loading=\"lazy\" decoding=\"async\" class=\"wp-image-82 aligncenter\" src=\"https:\/\/www.haus-pooth.de\/wordpress\/wp-content\/uploads\/2015\/11\/buffet1.jpg\" alt=\"buffet\" width=\"250\" height=\"169\" srcset=\"https:\/\/www.haus-pooth.de\/wordpress\/wp-content\/uploads\/2015\/11\/buffet1.jpg 320w, https:\/\/www.haus-pooth.de\/wordpress\/wp-content\/uploads\/2015\/11\/buffet1-300x203.jpg 300w\" sizes=\"auto, (max-width: 250px) 100vw, 250px\" \/><\/p>\n<p style=\"text-align: center;\">Besuchen Sie uns doch einmal morgens!<\/p>\n<p><img loading=\"lazy\" decoding=\"async\" class=\"wp-image-83 aligncenter\" src=\"https:\/\/www.haus-pooth.de\/wordpress\/wp-content\/uploads\/2015\/11\/fruehstueck21.jpg\" alt=\"fruehstueck2\" width=\"250\" height=\"207\" \/><\/p>\n<p style=\"text-align: center;\">Bei gr\u00f6\u00dferer Personenzahl bitten wir um Voranmeldung.<\/p>\n","protected":false},"excerpt":{"rendered":"<p>Wir bieten Ihnen ein reichhaltiges Fr\u00fchst\u00fccksbuffet mit Brot&amp;Br\u00f6tchen aus unserer hauseigenen B\u00e4ckerei. Dazu reichen wir Aufschnitt, K\u00e4se, Obst, Jogurth, Kaffee, R\u00fchrei in ausreichender Menge. Besuchen Sie uns doch einmal morgens! Bei gr\u00f6\u00dferer Personenzahl bitten wir um Voranmeldung.<\/p>\n","protected":false},"author":2,"featured_media":0,"parent":0,"menu_order":0,"comment_status":"closed","ping_status":"closed","template":"","meta":{"footnotes":""},"class_list":["post-81","page","type-page","status-publish"],"_links":{"self":[{"href":"https:\/\/www.haus-pooth.de\/wordpress\/wp-json\/wp\/v2\/pages\/81","targetHints":{"allow":["GET"]}}],"collection":[{"href":"https:\/\/www.haus-pooth.de\/wordpress\/wp-json\/wp\/v2\/pages"}],"about":[{"href":"https:\/\/www.haus-pooth.de\/wordpress\/wp-json\/wp\/v2\/types\/page"}],"author":[{"embeddable":true,"href":"https:\/\/www.haus-pooth.de\/wordpress\/wp-json\/wp\/v2\/users\/2"}],"replies":[{"embeddable":true,"href":"https:\/\/www.haus-pooth.de\/wordpress\/wp-json\/wp\/v2\/comments?post=81"}],"version-history":[{"count":0,"href":"https:\/\/www.haus-pooth.de\/wordpress\/wp-json\/wp\/v2\/pages\/81\/revisions"}],"wp:attachment":[{"href":"https:\/\/www.haus-pooth.de\/wordpress\/wp-json\/wp\/v2\/media?parent=81"}],"curies":[{"name":"wp","href":"https:\/\/api.w.org\/{rel}","templated":true}]}}