{"id":49,"date":"2015-11-03T11:19:59","date_gmt":"2015-11-03T11:19:59","guid":{"rendered":"http:\/\/www.haus-pooth.de\/?page_id=49"},"modified":"2015-11-03T11:19:59","modified_gmt":"2015-11-03T11:19:59","slug":"baeckerei-2","status":"publish","type":"page","link":"https:\/\/www.haus-pooth.de\/wordpress\/baeckerei-2\/","title":{"rendered":"B\u00e4ckerei"},"content":{"rendered":"<p><img loading=\"lazy\" decoding=\"async\" class=\"alignright size-full wp-image-50\" src=\"https:\/\/www.haus-pooth.de\/wordpress\/wp-content\/uploads\/2015\/11\/baeckerei1.jpg\" alt=\"baeckerei\" width=\"250\" height=\"194\" \/>In unserer kleinen B\u00e4ckerei werden alle B\u00e4ckereierzeugnisse noch t\u00e4glich frisch hergestellt.<\/p>\n<p>Besonders ist hier unser Schwarzbrot zu erw\u00e4hnen, dass mittlerweile einen hohen deutschlandweiten Bekanntheitsgrad gewonnen hat.<\/p>\n<p>Viele unserer G\u00e4ste und Kunden lassen es sich heute dieses nachschicken.<\/p>\n","protected":false},"excerpt":{"rendered":"<p>In unserer kleinen B\u00e4ckerei werden alle B\u00e4ckereierzeugnisse noch t\u00e4glich frisch hergestellt. Besonders ist hier unser Schwarzbrot zu erw\u00e4hnen, dass mittlerweile einen hohen deutschlandweiten Bekanntheitsgrad gewonnen hat. Viele unserer G\u00e4ste und Kunden lassen es sich heute dieses nachschicken.<\/p>\n","protected":false},"author":2,"featured_media":0,"parent":0,"menu_order":0,"comment_status":"closed","ping_status":"closed","template":"","meta":{"footnotes":""},"class_list":["post-49","page","type-page","status-publish"],"_links":{"self":[{"href":"https:\/\/www.haus-pooth.de\/wordpress\/wp-json\/wp\/v2\/pages\/49","targetHints":{"allow":["GET"]}}],"collection":[{"href":"https:\/\/www.haus-pooth.de\/wordpress\/wp-json\/wp\/v2\/pages"}],"about":[{"href":"https:\/\/www.haus-pooth.de\/wordpress\/wp-json\/wp\/v2\/types\/page"}],"author":[{"embeddable":true,"href":"https:\/\/www.haus-pooth.de\/wordpress\/wp-json\/wp\/v2\/users\/2"}],"replies":[{"embeddable":true,"href":"https:\/\/www.haus-pooth.de\/wordpress\/wp-json\/wp\/v2\/comments?post=49"}],"version-history":[{"count":0,"href":"https:\/\/www.haus-pooth.de\/wordpress\/wp-json\/wp\/v2\/pages\/49\/revisions"}],"wp:attachment":[{"href":"https:\/\/www.haus-pooth.de\/wordpress\/wp-json\/wp\/v2\/media?parent=49"}],"curies":[{"name":"wp","href":"https:\/\/api.w.org\/{rel}","templated":true}]}}