{"id":156,"date":"2015-09-16T04:24:25","date_gmt":"2015-09-16T04:24:25","guid":{"rendered":"http:\/\/wp431m.a10-52-158-154.qa.plesk.ru\/wordpress\/?page_id=2"},"modified":"2021-06-13T11:04:56","modified_gmt":"2021-06-13T10:04:56","slug":"sample-page-2","status":"publish","type":"page","link":"https:\/\/www.haus-pooth.de\/wordpress\/","title":{"rendered":"Herzlich Willkommen"},"content":{"rendered":"<p>In Bislich &#8211; eines der sch\u00f6nsten D\u00f6rfer des Niederrheins &#8211; liegt unser Haus, welches sich seit \u00fcber 115 Jahren im Familienbesitz befindet.<img loading=\"lazy\" decoding=\"async\" class=\"alignright size-full wp-image-9\" src=\"https:\/\/www.haus-pooth.de\/wordpress\/wp-content\/uploads\/2015\/09\/haus-pooth1.jpg\" alt=\"haus-pooth\" width=\"182\" height=\"203\" \/><\/p>\n<p>Von hier aus lassen sich wunderbare Touren in allen Himmelsrichtungen planen, bis Xanten sind es mit der Rheinf\u00e4hre nur 5 km, bis Rees und Wesel sind es auf dem Rheindeich 13 km.<br \/>\nIn der N\u00e4he der Niederrhein- und R\u00f6merroute, ist unsere liebevoll ausgestaltete Gartenterrasse ein beliebter Treffpunkt besonders f\u00fcr Radwanderer.<\/p>\n<p>Das Hotel verf\u00fcgt \u00fcber 10 stillvoll eingerichtete Zimmer mit Dusche, WC und TV-Digitalanlage.<\/p>\n<p>Unsere Gesellschaftsr\u00e4ume eignen sich f\u00fcr Festlichkeiten aller Art wie z.B. Hochzeit-, Geburtstagsfeier, Fr\u00fchst\u00fcckskaffee oder Brunch und Versammlungen\/Tagungen bis zu 200 Personen.<br \/>\nDie gut bekannte K\u00fcche in unserem Haus bietet ein abwechslungsreiches Speiseangebot.<\/p>\n<p><img loading=\"lazy\" decoding=\"async\" class=\"alignleft size-full wp-image-10\" src=\"https:\/\/www.haus-pooth.de\/wordpress\/wp-content\/uploads\/2015\/09\/bislich1.jpg\" alt=\"bislich\" width=\"200\" height=\"165\" \/>Fragen Sie nach unseren Arragements und wir erstellen Ihnen ein individuelles Angebot.<\/p>\n","protected":false},"excerpt":{"rendered":"<p>In Bislich &#8211; eines der sch\u00f6nsten D\u00f6rfer des Niederrheins &#8211; liegt unser Haus, welches sich seit \u00fcber 115 Jahren im Familienbesitz befindet. Von hier aus lassen sich wunderbare Touren in allen Himmelsrichtungen planen, bis Xanten sind es mit der Rheinf\u00e4hre nur 5 km, bis Rees und Wesel sind es auf dem Rheindeich 13 km. In &#8230; <a class=\"read-more\" href=\"https:\/\/www.haus-pooth.de\/wordpress\/\">Weiterlesen &#8230;<\/a><\/p>\n","protected":false},"author":2,"featured_media":0,"parent":0,"menu_order":0,"comment_status":"closed","ping_status":"closed","template":"","meta":{"footnotes":""},"class_list":["post-156","page","type-page","status-publish"],"_links":{"self":[{"href":"https:\/\/www.haus-pooth.de\/wordpress\/wp-json\/wp\/v2\/pages\/156","targetHints":{"allow":["GET"]}}],"collection":[{"href":"https:\/\/www.haus-pooth.de\/wordpress\/wp-json\/wp\/v2\/pages"}],"about":[{"href":"https:\/\/www.haus-pooth.de\/wordpress\/wp-json\/wp\/v2\/types\/page"}],"author":[{"embeddable":true,"href":"https:\/\/www.haus-pooth.de\/wordpress\/wp-json\/wp\/v2\/users\/2"}],"replies":[{"embeddable":true,"href":"https:\/\/www.haus-pooth.de\/wordpress\/wp-json\/wp\/v2\/comments?post=156"}],"version-history":[{"count":3,"href":"https:\/\/www.haus-pooth.de\/wordpress\/wp-json\/wp\/v2\/pages\/156\/revisions"}],"predecessor-version":[{"id":253,"href":"https:\/\/www.haus-pooth.de\/wordpress\/wp-json\/wp\/v2\/pages\/156\/revisions\/253"}],"wp:attachment":[{"href":"https:\/\/www.haus-pooth.de\/wordpress\/wp-json\/wp\/v2\/media?parent=156"}],"curies":[{"name":"wp","href":"https:\/\/api.w.org\/{rel}","templated":true}]}}