{"id":12,"date":"2015-11-03T11:00:14","date_gmt":"2015-11-03T11:00:14","guid":{"rendered":"http:\/\/www.haus-pooth.de\/?page_id=12"},"modified":"2023-12-02T19:16:28","modified_gmt":"2023-12-02T18:16:28","slug":"pension","status":"publish","type":"page","link":"https:\/\/www.haus-pooth.de\/wordpress\/pension\/","title":{"rendered":"Pension"},"content":{"rendered":"<p>In unserer Pension bieten wir Ihnen moderne Einzel- und Doppelzimmer mit Dusche, WC und TV inklusive reichhaltigem Fr\u00fchst\u00fccksbuffet.<\/p>\n<p>Die Preise sind wie folgt:<br \/>\nEinzelzimmer ab 55 \u20ac inklusive Fr\u00fchst\u00fcck,<br \/>\nbei l\u00e4ngerem Aufenthalt nach Vereinbarung.<\/p>\n<p>Doppelzimmer ab 90 \u20ac,<br \/>\nbei l\u00e4ngerem Aufenthalt nach Vereinbarung.<\/p>\n<p>\r\n\t\t\t\t\t\n\r\n\t\t\t\t\t<!-- START UNITE GALLERY 1.7.62 -->\r\n\t\t\t\t\t\r\n\t\t\t\t\n\t\t\t<div id='unitegallery_1_1' class='unite-gallery' style='margin:0px auto;'>\n\t\t\t\t\n\n\t\t\t\t\t\t<img alt=\"20180214_110233\"\n\t\t\t\t\t\t     src=\"\" data-image=\"https:\/\/www.haus-pooth.de\/wordpress\/wp-content\/uploads\/2018\/06\/20180214_110233.jpg\"\n\t\t\t\t\t\t     data-thumb=\"https:\/\/www.haus-pooth.de\/wordpress\/wp-content\/uploads\/2018\/06\/20180214_110233-300x225.jpg\"\n\t\t\t\t\t\t     title=\"\"\n\t\t\t\t\t\t     style=\"display:none\">\n\n\t\t\t\t\t\t<img alt=\"20180214_105844\"\n\t\t\t\t\t\t     src=\"\" data-image=\"https:\/\/www.haus-pooth.de\/wordpress\/wp-content\/uploads\/2018\/06\/20180214_105844.jpg\"\n\t\t\t\t\t\t     data-thumb=\"https:\/\/www.haus-pooth.de\/wordpress\/wp-content\/uploads\/2018\/06\/20180214_105844-300x223.jpg\"\n\t\t\t\t\t\t     title=\"\"\n\t\t\t\t\t\t     style=\"display:none\">\n\n\t\t\t\t\t\t<img alt=\"20180214_110024\"\n\t\t\t\t\t\t     src=\"\" data-image=\"https:\/\/www.haus-pooth.de\/wordpress\/wp-content\/uploads\/2018\/06\/20180214_110024.jpg\"\n\t\t\t\t\t\t     data-thumb=\"https:\/\/www.haus-pooth.de\/wordpress\/wp-content\/uploads\/2018\/06\/20180214_110024-300x225.jpg\"\n\t\t\t\t\t\t     title=\"\"\n\t\t\t\t\t\t     style=\"display:none\">\n\n\t\t\t\t\t\t<img alt=\"20180214_110309\"\n\t\t\t\t\t\t     src=\"\" data-image=\"https:\/\/www.haus-pooth.de\/wordpress\/wp-content\/uploads\/2018\/06\/20180214_110309.jpg\"\n\t\t\t\t\t\t     data-thumb=\"https:\/\/www.haus-pooth.de\/wordpress\/wp-content\/uploads\/2018\/06\/20180214_110309-300x225.jpg\"\n\t\t\t\t\t\t     title=\"\"\n\t\t\t\t\t\t     style=\"display:none\">\n\n\t\t\t\t\t\t<img alt=\"20180214_110415\"\n\t\t\t\t\t\t     src=\"\" data-image=\"https:\/\/www.haus-pooth.de\/wordpress\/wp-content\/uploads\/2018\/06\/20180214_110415.jpg\"\n\t\t\t\t\t\t     data-thumb=\"https:\/\/www.haus-pooth.de\/wordpress\/wp-content\/uploads\/2018\/06\/20180214_110415-300x225.jpg\"\n\t\t\t\t\t\t     title=\"\"\n\t\t\t\t\t\t     style=\"display:none\">\n\n\t\t\t\t\t\t<img alt=\"20180214_110110\"\n\t\t\t\t\t\t     src=\"\" data-image=\"https:\/\/www.haus-pooth.de\/wordpress\/wp-content\/uploads\/2018\/06\/20180214_110110.jpg\"\n\t\t\t\t\t\t     data-thumb=\"https:\/\/www.haus-pooth.de\/wordpress\/wp-content\/uploads\/2018\/06\/20180214_110110-300x225.jpg\"\n\t\t\t\t\t\t     title=\"\"\n\t\t\t\t\t\t     style=\"display:none\">\n\n\t\t\t\t\t\t<img alt=\"zimmer1\"\n\t\t\t\t\t\t     src=\"\" data-image=\"https:\/\/www.haus-pooth.de\/wordpress\/wp-content\/uploads\/2015\/11\/zimmer11.jpg\"\n\t\t\t\t\t\t     data-thumb=\"https:\/\/www.haus-pooth.de\/wordpress\/wp-content\/uploads\/2015\/11\/zimmer11.jpg\"\n\t\t\t\t\t\t     title=\"\"\n\t\t\t\t\t\t     style=\"display:none\">\n\n\t\t\t\t\t\t<img alt=\"zimmer4\"\n\t\t\t\t\t\t     src=\"\" data-image=\"https:\/\/www.haus-pooth.de\/wordpress\/wp-content\/uploads\/2015\/11\/zimmer41.jpg\"\n\t\t\t\t\t\t     data-thumb=\"https:\/\/www.haus-pooth.de\/wordpress\/wp-content\/uploads\/2015\/11\/zimmer41.jpg\"\n\t\t\t\t\t\t     title=\"\"\n\t\t\t\t\t\t     style=\"display:none\">\n\n\t\t\t\t\t\t<img alt=\"zimmer3\"\n\t\t\t\t\t\t     src=\"\" data-image=\"https:\/\/www.haus-pooth.de\/wordpress\/wp-content\/uploads\/2015\/11\/zimmer31.jpg\"\n\t\t\t\t\t\t     data-thumb=\"https:\/\/www.haus-pooth.de\/wordpress\/wp-content\/uploads\/2015\/11\/zimmer31.jpg\"\n\t\t\t\t\t\t     title=\"\"\n\t\t\t\t\t\t     style=\"display:none\">\n\t\t\t<\/div>\n\n\t\t\t<script type='text\/javascript'>\n\t\t\t\twindow.onload = function(e) {\n\t\t\t\t\tif(typeof ugCheckForErrors == \"undefined\"){\n\t\t\t\t\t\tdocument.getElementById(\"unitegallery_1_1\").innerHTML = \"<span style='color:red'>Unite Gallery Error - gallery js and css files not included in the footer. Please make sure that wp_footer() function is added to your theme.<\/span>\";}\n\t\t\t\t\telse{ ugCheckForErrors(\"unitegallery_1_1\", \"jquery\");}\n\t\t\t\t};\n\t\t\t<\/script>\n\n\t\t\t<!-- END UNITEGALLERY --><\/p>\n<p>Insgesamt haben wir Platz f\u00fcr 18 Pensionsg\u00e4ste.<br \/>\nWir freuen uns auch Sie als unseren Gast begr\u00fc\u00dfen zu d\u00fcrfen!<\/p>\n<p>Weitere Anregungen f\u00fcr ihren Urlaub finden Sie unter: <a href=\"http:\/\/www.xanten.de\/\" target=\"_blank\" rel=\"noopener noreferrer\">Xanten.de<\/a>, <a href=\"http:\/\/www.wesel.de\/\" target=\"_blank\" rel=\"noopener noreferrer\">Wesel.de<\/a>, <a href=\"http:\/\/www.kalkar.de\/\" target=\"_blank\" rel=\"noopener noreferrer\">Kalkar.de<\/a>, <a href=\"http:\/\/www.rees.de\/\" target=\"_blank\" rel=\"noopener noreferrer\">Rees.de<\/a>, <a href=\"http:\/\/www.niederrheinroute.de\/\" target=\"_blank\" rel=\"noopener noreferrer\">Niederrheinroute.de<\/a> und <a href=\"http:\/\/www.roemerroute.de\/\" target=\"_blank\" rel=\"noopener noreferrer\">Roemeroute.de<\/a>.<\/p>\n<p>Von unserem kleinen Dorf\u00a0<a href=\"http:\/\/www.bislich.de\/\" target=\"_blank\" rel=\"noopener noreferrer\">Bislich<\/a> f\u00e4hrt die Personenf\u00e4hre nach Xanten \u00fcber den Rhein.<br \/>\nMit den Rad sind Sie innerhalb von 10 min in Xanten-Innenstadt.<br \/>\nBislich liegt direkt am Rheindeich, zwischen all den kleinen St\u00e4dten: Wesel, Xanten, Rees und Hamminkeln.<\/p>\n<p><a href=\"http:\/\/www.haus-pooth.de\/anfahrt\/\" target=\"_blank\" rel=\"noopener noreferrer\"><img loading=\"lazy\" decoding=\"async\" class=\"alignright wp-image-151 size-full\" src=\"https:\/\/www.haus-pooth.de\/wordpress\/wp-content\/uploads\/2015\/11\/bt_anfahrt1.gif\" alt=\"bt_anfahrt\" width=\"117\" height=\"23\" \/><\/a><\/p>\n","protected":false},"excerpt":{"rendered":"<p>In unserer Pension bieten wir Ihnen moderne Einzel- und Doppelzimmer mit Dusche, WC und TV inklusive reichhaltigem Fr\u00fchst\u00fccksbuffet. Die Preise sind wie folgt: Einzelzimmer ab 55 \u20ac inklusive Fr\u00fchst\u00fcck, bei l\u00e4ngerem Aufenthalt nach Vereinbarung. Doppelzimmer ab 90 \u20ac, bei l\u00e4ngerem Aufenthalt nach Vereinbarung. Insgesamt haben wir Platz f\u00fcr 18 Pensionsg\u00e4ste. Wir freuen uns auch Sie &#8230; <a class=\"read-more\" href=\"https:\/\/www.haus-pooth.de\/wordpress\/pension\/\">Weiterlesen &#8230;<\/a><\/p>\n","protected":false},"author":2,"featured_media":0,"parent":0,"menu_order":0,"comment_status":"closed","ping_status":"closed","template":"","meta":{"footnotes":""},"class_list":["post-12","page","type-page","status-publish"],"_links":{"self":[{"href":"https:\/\/www.haus-pooth.de\/wordpress\/wp-json\/wp\/v2\/pages\/12","targetHints":{"allow":["GET"]}}],"collection":[{"href":"https:\/\/www.haus-pooth.de\/wordpress\/wp-json\/wp\/v2\/pages"}],"about":[{"href":"https:\/\/www.haus-pooth.de\/wordpress\/wp-json\/wp\/v2\/types\/page"}],"author":[{"embeddable":true,"href":"https:\/\/www.haus-pooth.de\/wordpress\/wp-json\/wp\/v2\/users\/2"}],"replies":[{"embeddable":true,"href":"https:\/\/www.haus-pooth.de\/wordpress\/wp-json\/wp\/v2\/comments?post=12"}],"version-history":[{"count":12,"href":"https:\/\/www.haus-pooth.de\/wordpress\/wp-json\/wp\/v2\/pages\/12\/revisions"}],"predecessor-version":[{"id":259,"href":"https:\/\/www.haus-pooth.de\/wordpress\/wp-json\/wp\/v2\/pages\/12\/revisions\/259"}],"wp:attachment":[{"href":"https:\/\/www.haus-pooth.de\/wordpress\/wp-json\/wp\/v2\/media?parent=12"}],"curies":[{"name":"wp","href":"https:\/\/api.w.org\/{rel}","templated":true}]}}